{"id":4294,"date":"2024-11-07T11:01:17","date_gmt":"2024-11-07T11:01:17","guid":{"rendered":"http:\/\/beta2.improove.net\/?page_id=4294"},"modified":"2025-11-17T08:59:09","modified_gmt":"2025-11-17T07:59:09","slug":"imprint","status":"publish","type":"page","link":"https:\/\/improove.net\/en\/imprint\/","title":{"rendered":"Imprint"},"content":{"rendered":"\t\t<div data-elementor-type=\"wp-page\" data-elementor-id=\"4294\" class=\"elementor elementor-4294\" data-elementor-post-type=\"page\">\n\t\t\t\t<div class=\"elementor-element elementor-element-60b5a40 e-flex e-con-boxed e-con e-parent\" data-id=\"60b5a40\" data-element_type=\"container\" data-e-type=\"container\">\n\t\t\t\t\t<div class=\"e-con-inner\">\n\t\t\t\t<div class=\"elementor-element elementor-element-4b36d0e elementor-widget elementor-widget-heading\" data-id=\"4b36d0e\" data-element_type=\"widget\" data-e-type=\"widget\" data-widget_type=\"heading.default\">\n\t\t\t\t<div class=\"elementor-widget-container\">\n\t\t\t\t\t<h1 class=\"elementor-heading-title elementor-size-default\">Imprint<\/h1>\t\t\t\t<\/div>\n\t\t\t\t<\/div>\n\t\t<div class=\"elementor-element elementor-element-0fba7b0 e-con-full e-flex e-con e-child\" data-id=\"0fba7b0\" data-element_type=\"container\" data-e-type=\"container\">\n\t\t\t\t<div class=\"elementor-element elementor-element-799b4a9 elementor-widget elementor-widget-heading\" data-id=\"799b4a9\" data-element_type=\"widget\" data-e-type=\"widget\" data-widget_type=\"heading.default\">\n\t\t\t\t<div class=\"elementor-widget-container\">\n\t\t\t\t\t<p class=\"elementor-heading-title elementor-size-default\">Improove GmbH<\/p>\t\t\t\t<\/div>\n\t\t\t\t<\/div>\n\t\t\t\t<div class=\"elementor-element elementor-element-c7321f0 elementor-widget elementor-widget-heading\" data-id=\"c7321f0\" data-element_type=\"widget\" data-e-type=\"widget\" data-widget_type=\"heading.default\">\n\t\t\t\t<div class=\"elementor-widget-container\">\n\t\t\t\t\t<p class=\"elementor-heading-title elementor-size-default\">Neubaugasse 64-66, 3\/7<\/p>\t\t\t\t<\/div>\n\t\t\t\t<\/div>\n\t\t\t\t<div class=\"elementor-element elementor-element-b394cbc elementor-widget elementor-widget-heading\" data-id=\"b394cbc\" data-element_type=\"widget\" data-e-type=\"widget\" data-widget_type=\"heading.default\">\n\t\t\t\t<div class=\"elementor-widget-container\">\n\t\t\t\t\t<p class=\"elementor-heading-title elementor-size-default\">1070 Vienna\n\n<\/p>\t\t\t\t<\/div>\n\t\t\t\t<\/div>\n\t\t\t\t<div class=\"elementor-element elementor-element-28a3a59 elementor-widget elementor-widget-heading\" data-id=\"28a3a59\" data-element_type=\"widget\" data-e-type=\"widget\" data-widget_type=\"heading.default\">\n\t\t\t\t<div class=\"elementor-widget-container\">\n\t\t\t\t\t<p class=\"elementor-heading-title elementor-size-default\">\u00d6sterreich<\/p>\t\t\t\t<\/div>\n\t\t\t\t<\/div>\n\t\t\t\t<div class=\"elementor-element elementor-element-f8ae4c2 inner-link elementor-widget elementor-widget-text-editor\" data-id=\"f8ae4c2\" data-element_type=\"widget\" data-e-type=\"widget\" data-widget_type=\"text-editor.default\">\n\t\t\t\t<div class=\"elementor-widget-container\">\n\t\t\t\t\t\t\t\t\t<div class=\"elementor-element elementor-element-f8ae4c2 inner-link elementor-widget elementor-widget-text-editor\" data-id=\"f8ae4c2\" data-element_type=\"widget\" data-widget_type=\"text-editor.default\"><div class=\"elementor-widget-container\">Telefon:\u00a0<a href=\"tel:+4315442434\">+43 1 544 24 34<\/a><\/div><\/div><div class=\"elementor-element elementor-element-ef7a08a inner-link elementor-widget elementor-widget-text-editor\" data-id=\"ef7a08a\" data-element_type=\"widget\" data-widget_type=\"text-editor.default\">\u00a0<\/div>\t\t\t\t\t\t\t\t<\/div>\n\t\t\t\t<\/div>\n\t\t\t\t<div class=\"elementor-element elementor-element-ef7a08a inner-link elementor-widget elementor-widget-text-editor\" data-id=\"ef7a08a\" data-element_type=\"widget\" data-e-type=\"widget\" data-widget_type=\"text-editor.default\">\n\t\t\t\t<div class=\"elementor-widget-container\">\n\t\t\t\t\t\t\t\t\t<div class=\"elementor-element elementor-element-ef7a08a inner-link elementor-widget elementor-widget-text-editor\" data-id=\"ef7a08a\" data-element_type=\"widget\" data-widget_type=\"text-editor.default\"><div class=\"elementor-widget-container\">E-Mail:\u00a0<a href=\"mailto:office@improove.at\">office@improove.at<\/a><\/div><\/div><div class=\"elementor-element elementor-element-c1be399 elementor-widget elementor-widget-heading\" data-id=\"c1be399\" data-element_type=\"widget\" data-widget_type=\"heading.default\"><div class=\"elementor-widget-container\">\u00a0<\/div><\/div>\t\t\t\t\t\t\t\t<\/div>\n\t\t\t\t<\/div>\n\t\t\t\t<div class=\"elementor-element elementor-element-c1be399 elementor-widget elementor-widget-heading\" data-id=\"c1be399\" data-element_type=\"widget\" data-e-type=\"widget\" data-widget_type=\"heading.default\">\n\t\t\t\t<div class=\"elementor-widget-container\">\n\t\t\t\t\t<p class=\"elementor-heading-title elementor-size-default\">ATU67118601<br><br>\n\nFN 376440p<br><br>\n\nFirmensitz: Wien<br><br>\n\nGesch\u00e4ftsf\u00fchrer:<br><br>\n\nRobert Voigtl\u00e4nder<br><\/p>\t\t\t\t<\/div>\n\t\t\t\t<\/div>\n\t\t\t\t<\/div>\n\t\t\t\t\t<\/div>\n\t\t\t\t<\/div>\n\t\t\t\t<\/div>\n\t\t","protected":false},"excerpt":{"rendered":"<p>Imprint Improove GmbH Neubaugasse 64-66, 3\/7 1070 Vienna \u00d6sterreich Telefon:\u00a0+43 1 544 24 34\u00a0E-Mail:\u00a0office@improove.at\u00a0 ATU67118601 FN 376440p Firmensitz: Wien Gesch\u00e4ftsf\u00fchrer: Robert Voigtl\u00e4nder<\/p>\n","protected":false},"author":2,"featured_media":0,"parent":0,"menu_order":0,"comment_status":"closed","ping_status":"closed","template":"","meta":{"footnotes":""},"class_list":["post-4294","page","type-page","status-publish","hentry"],"_links":{"self":[{"href":"https:\/\/improove.net\/en\/wp-json\/wp\/v2\/pages\/4294","targetHints":{"allow":["GET"]}}],"collection":[{"href":"https:\/\/improove.net\/en\/wp-json\/wp\/v2\/pages"}],"about":[{"href":"https:\/\/improove.net\/en\/wp-json\/wp\/v2\/types\/page"}],"author":[{"embeddable":true,"href":"https:\/\/improove.net\/en\/wp-json\/wp\/v2\/users\/2"}],"replies":[{"embeddable":true,"href":"https:\/\/improove.net\/en\/wp-json\/wp\/v2\/comments?post=4294"}],"version-history":[{"count":14,"href":"https:\/\/improove.net\/en\/wp-json\/wp\/v2\/pages\/4294\/revisions"}],"predecessor-version":[{"id":11759,"href":"https:\/\/improove.net\/en\/wp-json\/wp\/v2\/pages\/4294\/revisions\/11759"}],"wp:attachment":[{"href":"https:\/\/improove.net\/en\/wp-json\/wp\/v2\/media?parent=4294"}],"curies":[{"name":"wp","href":"https:\/\/api.w.org\/{rel}","templated":true}]}}