{"id":4316,"date":"2024-10-21T12:21:37","date_gmt":"2024-10-21T11:21:37","guid":{"rendered":"http:\/\/beta2.improove.net\/kontakt\/"},"modified":"2026-04-09T13:40:40","modified_gmt":"2026-04-09T12:40:40","slug":"kontakt","status":"publish","type":"page","link":"https:\/\/improove.net\/de\/kontakt\/","title":{"rendered":"Kontakt"},"content":{"rendered":"\t\t<div data-elementor-type=\"wp-page\" data-elementor-id=\"4316\" class=\"elementor elementor-4316 elementor-219\" data-elementor-post-type=\"page\">\n\t\t\t\t<div class=\"elementor-element elementor-element-401eccb e-flex e-con-boxed e-con e-parent\" data-id=\"401eccb\" data-element_type=\"container\" data-e-type=\"container\" data-settings=\"{&quot;background_background&quot;:&quot;classic&quot;}\">\n\t\t\t\t\t<div class=\"e-con-inner\">\n\t\t<div class=\"elementor-element elementor-element-fddbe99 e-con-full e-flex e-con e-child\" data-id=\"fddbe99\" data-element_type=\"container\" data-e-type=\"container\">\n\t\t<div class=\"elementor-element elementor-element-7f1c86c e-con-full e-flex e-con e-child\" data-id=\"7f1c86c\" data-element_type=\"container\" data-e-type=\"container\">\n\t\t\t\t<div class=\"elementor-element elementor-element-aa02e65 elementor-widget elementor-widget-heading\" data-id=\"aa02e65\" data-element_type=\"widget\" data-e-type=\"widget\" data-widget_type=\"heading.default\">\n\t\t\t\t<div class=\"elementor-widget-container\">\n\t\t\t\t\t<p class=\"elementor-heading-title elementor-size-default\">Gemeinsam L\u00f6sungen finden!<\/p>\t\t\t\t<\/div>\n\t\t\t\t<\/div>\n\t\t\t\t<div class=\"elementor-element elementor-element-794c915 elementor-widget elementor-widget-heading\" data-id=\"794c915\" data-element_type=\"widget\" data-e-type=\"widget\" data-widget_type=\"heading.default\">\n\t\t\t\t<div class=\"elementor-widget-container\">\n\t\t\t\t\t<h1 class=\"elementor-heading-title elementor-size-default\">Kontakt<\/h1>\t\t\t\t<\/div>\n\t\t\t\t<\/div>\n\t\t\t\t<div class=\"elementor-element elementor-element-1a2d339 elementor-widget elementor-widget-heading\" data-id=\"1a2d339\" data-element_type=\"widget\" data-e-type=\"widget\" data-widget_type=\"heading.default\">\n\t\t\t\t<div class=\"elementor-widget-container\">\n\t\t\t\t\t<p class=\"elementor-heading-title elementor-size-default\">M\u00f6chtest du ein kostenfreies Erstgespr\u00e4ch vereinbaren oder hast spezifische Fragen zu SEO, GEO, SEA oder weiteren Themen im Bereich Digital Marketing? Dann melde dich jederzeit gerne bei uns. <\/p>\t\t\t\t<\/div>\n\t\t\t\t<\/div>\n\t\t\t\t<div class=\"elementor-element elementor-element-de61fff elementor-widget elementor-widget-heading\" data-id=\"de61fff\" data-element_type=\"widget\" data-e-type=\"widget\" data-widget_type=\"heading.default\">\n\t\t\t\t<div class=\"elementor-widget-container\">\n\t\t\t\t\t<h2 class=\"elementor-heading-title elementor-size-default\"><b>Interesse an einem Website Quick Check?<\/b><\/h2>\t\t\t\t<\/div>\n\t\t\t\t<\/div>\n\t\t\t\t<div class=\"elementor-element elementor-element-a898b4d elementor-widget elementor-widget-heading\" data-id=\"a898b4d\" data-element_type=\"widget\" data-e-type=\"widget\" data-widget_type=\"heading.default\">\n\t\t\t\t<div class=\"elementor-widget-container\">\n\t\t\t\t\t<p class=\"elementor-heading-title elementor-size-default\">Der GEO &amp; SEO Quick Check zeigt auf welche Schw\u00e4chen, Risiken und Potenziale eurer Website \u2014 aus SEO-, AI- und Buyer-Sicht. Der Fokus liegt auf den Faktoren, die Sichtbarkeit, Zitierf\u00e4higkeit und Conversion tats\u00e4chlich beeinflussen: \n<p>\n\n  <li> <strong>Website &amp; SEO-Analyse:<\/strong>: Welche technischen M\u00e4ngel, Content-L\u00fccken und Conversion-H\u00fcrden bremsen euer Wachstum?\n\n <li><strong>AI Visibility Check::<\/strong>: Was fehlt, damit LLMs eure Website verstehen und referenzieren.\n\n\n <li><strong>Umsetzbare Priorit\u00e4ten:<\/strong>: Was sind eure drei wichtigsten Hebel \u2014 priorisiert nach Quick Wins, Mittelfrist und Strategie?\n<p>\n\n<p>\nJetzt gratis mit dem Kontaktformular anfragen!<\/p>\t\t\t\t<\/div>\n\t\t\t\t<\/div>\n\t\t\t\t<\/div>\n\t\t<div class=\"elementor-element elementor-element-f1c43c6 e-con-full e-flex e-con e-child\" data-id=\"f1c43c6\" data-element_type=\"container\" data-e-type=\"container\">\n\t\t\t\t<div class=\"elementor-element elementor-element-a68497a elementor-widget elementor-widget-image\" data-id=\"a68497a\" data-element_type=\"widget\" data-e-type=\"widget\" data-widget_type=\"image.default\">\n\t\t\t\t<div class=\"elementor-widget-container\">\n\t\t\t\t\t\t\t\t\t\t\t\t\t\t\t<img fetchpriority=\"high\" decoding=\"async\" width=\"531\" height=\"322\" src=\"https:\/\/improove.net\/wp-content\/uploads\/2024\/11\/unsere.png\" class=\"attachment-full size-full wp-image-5101\" alt=\"SEO Team collaboration\" srcset=\"https:\/\/improove.net\/wp-content\/uploads\/2024\/11\/unsere.png 531w, https:\/\/improove.net\/wp-content\/uploads\/2024\/11\/unsere-300x182.png 300w\" sizes=\"(max-width: 531px) 100vw, 531px\" \/>\t\t\t\t\t\t\t\t\t\t\t\t\t\t\t<\/div>\n\t\t\t\t<\/div>\n\t\t\t\t<\/div>\n\t\t\t\t<\/div>\n\t\t\t\t\t<\/div>\n\t\t\t\t<\/div>\n\t\t<div class=\"elementor-element elementor-element-f42ca94 e-flex e-con-boxed e-con e-parent\" data-id=\"f42ca94\" data-element_type=\"container\" data-e-type=\"container\" data-settings=\"{&quot;background_background&quot;:&quot;classic&quot;}\">\n\t\t\t\t\t<div class=\"e-con-inner\">\n\t\t<div class=\"elementor-element elementor-element-17547f8 e-con-full e-flex e-con e-child\" data-id=\"17547f8\" data-element_type=\"container\" data-e-type=\"container\">\n\t\t<div class=\"elementor-element elementor-element-ffc9803 e-con-full e-flex e-con e-child\" data-id=\"ffc9803\" data-element_type=\"container\" data-e-type=\"container\">\n\t\t<div class=\"elementor-element elementor-element-8e4d84c e-con-full e-flex e-con e-child\" data-id=\"8e4d84c\" data-element_type=\"container\" data-e-type=\"container\">\n\t\t\t\t<div class=\"elementor-element elementor-element-ba7ae19 elementor-widget elementor-widget-heading\" data-id=\"ba7ae19\" data-element_type=\"widget\" data-e-type=\"widget\" data-widget_type=\"heading.default\">\n\t\t\t\t<div class=\"elementor-widget-container\">\n\t\t\t\t\t<p class=\"elementor-heading-title elementor-size-default\">Kontaktiere uns \u2013 wir helfen gerne!<\/p>\t\t\t\t<\/div>\n\t\t\t\t<\/div>\n\t\t\t\t<div class=\"elementor-element elementor-element-34dd6a0 elementor-widget elementor-widget-heading\" data-id=\"34dd6a0\" data-element_type=\"widget\" data-e-type=\"widget\" data-widget_type=\"heading.default\">\n\t\t\t\t<div class=\"elementor-widget-container\">\n\t\t\t\t\t<h2 class=\"elementor-heading-title elementor-size-default\">Kontakt<\/h2>\t\t\t\t<\/div>\n\t\t\t\t<\/div>\n\t\t\t\t<div class=\"elementor-element elementor-element-23de1b5 elementor-widget elementor-widget-heading\" data-id=\"23de1b5\" data-element_type=\"widget\" data-e-type=\"widget\" data-widget_type=\"heading.default\">\n\t\t\t\t<div class=\"elementor-widget-container\">\n\t\t\t\t\t<p class=\"elementor-heading-title elementor-size-default\">Wir freuen uns auf deine Kontaktaufnahme und beantworten gerne deine Fragen! <\/p>\t\t\t\t<\/div>\n\t\t\t\t<\/div>\n\t\t\t\t<\/div>\n\t\t<div class=\"elementor-element elementor-element-f8664fd e-con-full e-flex e-con e-child\" data-id=\"f8664fd\" data-element_type=\"container\" data-e-type=\"container\">\n\t\t\t\t<div class=\"elementor-element elementor-element-900afaa elementor-icon-list--layout-traditional elementor-list-item-link-full_width elementor-widget elementor-widget-icon-list\" data-id=\"900afaa\" data-element_type=\"widget\" data-e-type=\"widget\" data-widget_type=\"icon-list.default\">\n\t\t\t\t<div class=\"elementor-widget-container\">\n\t\t\t\t\t\t\t<ul class=\"elementor-icon-list-items\">\n\t\t\t\t\t\t\t<li class=\"elementor-icon-list-item\">\n\t\t\t\t\t\t\t\t\t\t\t<a href=\"mailto:office@improove.at\">\n\n\t\t\t\t\t\t\t\t\t\t\t\t<span class=\"elementor-icon-list-icon\">\n\t\t\t\t\t\t\t<svg xmlns=\"http:\/\/www.w3.org\/2000\/svg\" width=\"20\" height=\"17\" viewBox=\"0 0 20 17\" fill=\"none\"><path d=\"M2.72834 1H17.2738C18.2738 1 19.092 1.81818 19.092 2.81818V13.7273C19.092 14.7273 18.2738 15.5455 17.2738 15.5455H2.72834C1.72834 15.5455 0.910156 14.7273 0.910156 13.7273V2.81818C0.910156 1.81818 1.72834 1 2.72834 1Z\" stroke=\"#202020\" stroke-linecap=\"round\" stroke-linejoin=\"round\"><\/path><path d=\"M19.092 2.81818L10.0011 9.18181L0.910156 2.81818\" stroke=\"#202020\" stroke-linecap=\"round\" stroke-linejoin=\"round\"><\/path><\/svg>\t\t\t\t\t\t<\/span>\n\t\t\t\t\t\t\t\t\t\t<span class=\"elementor-icon-list-text\">office@improove.at<\/span>\n\t\t\t\t\t\t\t\t\t\t\t<\/a>\n\t\t\t\t\t\t\t\t\t<\/li>\n\t\t\t\t\t\t\t\t<li class=\"elementor-icon-list-item\">\n\t\t\t\t\t\t\t\t\t\t\t<a href=\"tel:+4315442434%20%20\">\n\n\t\t\t\t\t\t\t\t\t\t\t\t<span class=\"elementor-icon-list-icon\">\n\t\t\t\t\t\t\t<svg xmlns=\"http:\/\/www.w3.org\/2000\/svg\" width=\"21\" height=\"21\" viewBox=\"0 0 21 21\" fill=\"none\"><path d=\"M12.7619 4.63636C13.6499 4.8096 14.4659 5.24387 15.1056 5.88358C15.7453 6.52329 16.1796 7.33933 16.3528 8.22727M12.7619 1C14.6067 1.20494 16.327 2.03107 17.6403 3.34273C18.9536 4.6544 19.7819 6.37365 19.9892 8.21818M19.0801 15.4727V18.2C19.0811 18.4532 19.0293 18.7038 18.9278 18.9358C18.8264 19.1678 18.6777 19.376 18.4911 19.5472C18.3045 19.7183 18.0843 19.8486 17.8444 19.9297C17.6046 20.0108 17.3504 20.041 17.0983 20.0182C14.3009 19.7142 11.6137 18.7583 9.25283 17.2273C7.05631 15.8315 5.19405 13.9692 3.79829 11.7727C2.2619 9.4011 1.30578 6.7009 1.00738 3.89091C0.984661 3.63952 1.01454 3.38615 1.09511 3.14693C1.17568 2.90772 1.30517 2.6879 1.47535 2.50147C1.64553 2.31505 1.85266 2.1661 2.08355 2.06411C2.31445 1.96212 2.56405 1.90933 2.81647 1.90909H5.54374C5.98493 1.90475 6.41264 2.06098 6.74716 2.34867C7.08168 2.63635 7.30018 3.03586 7.36192 3.47273C7.47704 4.34552 7.69051 5.20248 7.99829 6.02727C8.1206 6.35266 8.14707 6.70629 8.07457 7.04626C8.00206 7.38622 7.83362 7.69828 7.5892 7.94546L6.43465 9.1C7.72879 11.376 9.61325 13.2604 11.8892 14.5545L13.0437 13.4C13.2909 13.1556 13.603 12.9871 13.9429 12.9146C14.2829 12.8421 14.6365 12.8686 14.9619 12.9909C15.7867 13.2987 16.6437 13.5122 17.5165 13.6273C17.9581 13.6896 18.3614 13.912 18.6497 14.2523C18.938 14.5925 19.0912 15.0269 19.0801 15.4727Z\" stroke=\"#202020\" stroke-linecap=\"round\" stroke-linejoin=\"round\"><\/path><\/svg>\t\t\t\t\t\t<\/span>\n\t\t\t\t\t\t\t\t\t\t<span class=\"elementor-icon-list-text\">+43 154 424 34<\/span>\n\t\t\t\t\t\t\t\t\t\t\t<\/a>\n\t\t\t\t\t\t\t\t\t<\/li>\n\t\t\t\t\t\t\t\t<li class=\"elementor-icon-list-item\">\n\t\t\t\t\t\t\t\t\t\t\t<span class=\"elementor-icon-list-icon\">\n\t\t\t\t\t\t\t<svg xmlns=\"http:\/\/www.w3.org\/2000\/svg\" width=\"22\" height=\"20\" viewBox=\"0 0 22 20\" fill=\"none\"><path d=\"M1 4.63636V19.1818L7.36364 15.5455L14.6364 19.1818L21 15.5455V1L14.6364 4.63636L7.36364 1L1 4.63636Z\" stroke=\"#202020\" stroke-linecap=\"round\" stroke-linejoin=\"round\"><\/path><path d=\"M7.36328 1V15.5455\" stroke=\"#202020\" stroke-linecap=\"round\" stroke-linejoin=\"round\"><\/path><path d=\"M14.6367 4.63635V19.1818\" stroke=\"#202020\" stroke-linecap=\"round\" stroke-linejoin=\"round\"><\/path><\/svg>\t\t\t\t\t\t<\/span>\n\t\t\t\t\t\t\t\t\t\t<span class=\"elementor-icon-list-text\">Neubaugasse 64-66\/3\/7 1070 Vienna<\/span>\n\t\t\t\t\t\t\t\t\t<\/li>\n\t\t\t\t\t\t<\/ul>\n\t\t\t\t\t\t<\/div>\n\t\t\t\t<\/div>\n\t\t\t\t<\/div>\n\t\t<div class=\"elementor-element elementor-element-211dd18 e-con-full e-flex e-con e-child\" data-id=\"211dd18\" data-element_type=\"container\" data-e-type=\"container\">\n\t\t\t\t<div class=\"elementor-element elementor-element-5c8ed14 elementor-shape-circle e-grid-align-left elementor-grid-0 elementor-widget elementor-widget-social-icons\" data-id=\"5c8ed14\" data-element_type=\"widget\" data-e-type=\"widget\" data-widget_type=\"social-icons.default\">\n\t\t\t\t<div class=\"elementor-widget-container\">\n\t\t\t\t\t\t\t<div class=\"elementor-social-icons-wrapper elementor-grid\" role=\"list\">\n\t\t\t\t\t\t\t<span class=\"elementor-grid-item\" role=\"listitem\">\n\t\t\t\t\t<a class=\"elementor-icon elementor-social-icon elementor-social-icon-linkedin elementor-repeater-item-2e135f2\" href=\"https:\/\/www.linkedin.com\/company\/improove-inc\" target=\"_blank\" rel=\"noopener\">\n\t\t\t\t\t\t<span class=\"elementor-screen-only\">Linkedin<\/span>\n\t\t\t\t\t\t<svg aria-hidden=\"true\" class=\"e-font-icon-svg e-fab-linkedin\" viewBox=\"0 0 448 512\" xmlns=\"http:\/\/www.w3.org\/2000\/svg\"><path d=\"M416 32H31.9C14.3 32 0 46.5 0 64.3v383.4C0 465.5 14.3 480 31.9 480H416c17.6 0 32-14.5 32-32.3V64.3c0-17.8-14.4-32.3-32-32.3zM135.4 416H69V202.2h66.5V416zm-33.2-243c-21.3 0-38.5-17.3-38.5-38.5S80.9 96 102.2 96c21.2 0 38.5 17.3 38.5 38.5 0 21.3-17.2 38.5-38.5 38.5zm282.1 243h-66.4V312c0-24.8-.5-56.7-34.5-56.7-34.6 0-39.9 27-39.9 54.9V416h-66.4V202.2h63.7v29.2h.9c8.9-16.8 30.6-34.5 62.9-34.5 67.2 0 79.7 44.3 79.7 101.9V416z\"><\/path><\/svg>\t\t\t\t\t<\/a>\n\t\t\t\t<\/span>\n\t\t\t\t\t\t\t<span class=\"elementor-grid-item\" role=\"listitem\">\n\t\t\t\t\t<a class=\"elementor-icon elementor-social-icon elementor-social-icon-instagram elementor-repeater-item-53cf8f7\" href=\"https:\/\/www.instagram.com\/improove_\/\" target=\"_blank\" rel=\"noopener\">\n\t\t\t\t\t\t<span class=\"elementor-screen-only\">Instagram<\/span>\n\t\t\t\t\t\t<svg aria-hidden=\"true\" class=\"e-font-icon-svg e-fab-instagram\" viewBox=\"0 0 448 512\" xmlns=\"http:\/\/www.w3.org\/2000\/svg\"><path d=\"M224.1 141c-63.6 0-114.9 51.3-114.9 114.9s51.3 114.9 114.9 114.9S339 319.5 339 255.9 287.7 141 224.1 141zm0 189.6c-41.1 0-74.7-33.5-74.7-74.7s33.5-74.7 74.7-74.7 74.7 33.5 74.7 74.7-33.6 74.7-74.7 74.7zm146.4-194.3c0 14.9-12 26.8-26.8 26.8-14.9 0-26.8-12-26.8-26.8s12-26.8 26.8-26.8 26.8 12 26.8 26.8zm76.1 27.2c-1.7-35.9-9.9-67.7-36.2-93.9-26.2-26.2-58-34.4-93.9-36.2-37-2.1-147.9-2.1-184.9 0-35.8 1.7-67.6 9.9-93.9 36.1s-34.4 58-36.2 93.9c-2.1 37-2.1 147.9 0 184.9 1.7 35.9 9.9 67.7 36.2 93.9s58 34.4 93.9 36.2c37 2.1 147.9 2.1 184.9 0 35.9-1.7 67.7-9.9 93.9-36.2 26.2-26.2 34.4-58 36.2-93.9 2.1-37 2.1-147.8 0-184.8zM398.8 388c-7.8 19.6-22.9 34.7-42.6 42.6-29.5 11.7-99.5 9-132.1 9s-102.7 2.6-132.1-9c-19.6-7.8-34.7-22.9-42.6-42.6-11.7-29.5-9-99.5-9-132.1s-2.6-102.7 9-132.1c7.8-19.6 22.9-34.7 42.6-42.6 29.5-11.7 99.5-9 132.1-9s102.7-2.6 132.1 9c19.6 7.8 34.7 22.9 42.6 42.6 11.7 29.5 9 99.5 9 132.1s2.7 102.7-9 132.1z\"><\/path><\/svg>\t\t\t\t\t<\/a>\n\t\t\t\t<\/span>\n\t\t\t\t\t<\/div>\n\t\t\t\t\t\t<\/div>\n\t\t\t\t<\/div>\n\t\t\t\t<\/div>\n\t\t\t\t<\/div>\n\t\t<div class=\"elementor-element elementor-element-ddf1bcf e-con-full e-flex e-con e-child\" data-id=\"ddf1bcf\" data-element_type=\"container\" data-e-type=\"container\">\n\t\t<div class=\"elementor-element elementor-element-027d9ab e-con-full e-flex e-con e-child\" data-id=\"027d9ab\" data-element_type=\"container\" data-e-type=\"container\" data-settings=\"{&quot;background_background&quot;:&quot;classic&quot;}\">\n\t\t\t\t<div class=\"elementor-element elementor-element-1785ef9 elementor-widget elementor-widget-contactform\" data-id=\"1785ef9\" data-element_type=\"widget\" data-e-type=\"widget\" data-widget_type=\"contactform.default\">\n\t\t\t\t<div class=\"elementor-widget-container\">\n\t\t\t\t\t\r\n\r\n<div class=\"am-contact-area\">\r\n        \r\n                                <div class=\"contact-form\">\r\n                    \n<div class=\"wpcf7 no-js\" id=\"wpcf7-f943-o1\" lang=\"de-DE\" dir=\"ltr\" data-wpcf7-id=\"943\">\n<div class=\"screen-reader-response\"><p role=\"status\" aria-live=\"polite\" aria-atomic=\"true\"><\/p> <ul><\/ul><\/div>\n<form action=\"\/de\/wp-json\/wp\/v2\/pages\/4316#wpcf7-f943-o1\" method=\"post\" class=\"wpcf7-form init\" aria-label=\"Kontaktformular\" novalidate=\"novalidate\" data-status=\"init\">\n<fieldset class=\"hidden-fields-container\"><input type=\"hidden\" name=\"_wpcf7\" value=\"943\" \/><input type=\"hidden\" name=\"_wpcf7_version\" value=\"6.1.5\" \/><input type=\"hidden\" name=\"_wpcf7_locale\" value=\"de_DE\" \/><input type=\"hidden\" name=\"_wpcf7_unit_tag\" value=\"wpcf7-f943-o1\" \/><input type=\"hidden\" name=\"_wpcf7_container_post\" value=\"0\" \/><input type=\"hidden\" name=\"_wpcf7_posted_data_hash\" value=\"\" \/><input type=\"hidden\" name=\"_wpcf7_recaptcha_response\" value=\"\" \/>\n<\/fieldset>\n<div class=\"form-wrapper\"> \n\t<div class=\"form-group\"> \n\t\t<span class=\"wpcf7-form-control-wrap\" data-name=\"first-name\"><input size=\"40\" maxlength=\"400\" class=\"wpcf7-form-control wpcf7-text wpcf7-validates-as-required form-control\" aria-required=\"true\" aria-invalid=\"false\" placeholder=\"Name*\" value=\"\" type=\"text\" name=\"first-name\" \/><\/span>\n\t<\/div> \n\t<div class=\"form-group\"> \n\t\t<span class=\"wpcf7-form-control-wrap\" data-name=\"phone-number\"><input size=\"40\" maxlength=\"400\" class=\"wpcf7-form-control wpcf7-tel wpcf7-validates-as-required wpcf7-text wpcf7-validates-as-tel form-control\" aria-required=\"true\" aria-invalid=\"false\" placeholder=\"Telefon *\" value=\"\" type=\"tel\" name=\"phone-number\" \/><\/span>\n\t<\/div> \n\t<div class=\"form-group\"> \n\t\t<span class=\"wpcf7-form-control-wrap\" data-name=\"your-email\"><input size=\"40\" maxlength=\"400\" class=\"wpcf7-form-control wpcf7-email wpcf7-validates-as-required wpcf7-text wpcf7-validates-as-email form-control\" aria-required=\"true\" aria-invalid=\"false\" placeholder=\"E-Mail *\" value=\"\" type=\"email\" name=\"your-email\" \/><\/span>\n\t<\/div> \n\t<div class=\"form-group\"> \n\t\t<span class=\"wpcf7-form-control-wrap\" data-name=\"your-message\"><input size=\"40\" maxlength=\"400\" class=\"wpcf7-form-control wpcf7-text wpcf7-validates-as-required form-control\" aria-required=\"true\" aria-invalid=\"false\" placeholder=\"Nachricht*\" value=\"\" type=\"text\" name=\"your-message\" \/><\/span>\n\t<\/div> \n<div class=\"form-group captcha-form\"> \n <span class=\"wpcf7-form-control-wrap recaptcha\" data-name=\"recaptcha\"><span data-sitekey=\"6LeYpHgqAAAAAMDi1masNcSl_P2NHZyymZrSWxKF\" class=\"wpcf7-form-control wpcf7-recaptcha g-recaptcha\"><\/span>\r\n<noscript>\r\n\t<div class=\"grecaptcha-noscript\">\r\n\t\t <div class=\"brlbs-cmpnt-container brlbs-cmpnt-content-blocker brlbs-cmpnt-with-individual-styles\" data-borlabs-cookie-content-blocker-id=\"default\" data-borlabs-cookie-content=\"PGlmcmFtZSBzcmM9Imh0dHBzOi8vd3d3Lmdvb2dsZS5jb20vcmVjYXB0Y2hhL2FwaS9mYWxsYmFjaz9rPTZMZVlwSGdxQUFBQUFNRGkxbWFzTmNTbF9QMk5IWnl5bVpyU1d4S0YiIGZyYW1lYm9yZGVyPSIwIiBzY3JvbGxpbmc9Im5vIiB3aWR0aD0iMzEwIiBoZWlnaHQ9IjQzMCI+DQoJCTwvaWZyYW1lPg==\"><div class=\"brlbs-cmpnt-cb-preset-a\"> <p class=\"brlbs-cmpnt-cb-description\">Sie sehen gerade einen Platzhalterinhalt von <strong>Standard<\/strong>. Um auf den eigentlichen Inhalt zuzugreifen, klicken Sie auf den Button unten. Bitte beachten Sie, dass dabei Daten an Drittanbieter weitergegeben werden.<\/p> <div class=\"brlbs-cmpnt-cb-buttons\"> <a class=\"brlbs-cmpnt-cb-btn\" href=\"#\" data-borlabs-cookie-unblock role=\"button\">Inhalt entsperren<\/a> <a class=\"brlbs-cmpnt-cb-btn\" href=\"#\" data-borlabs-cookie-accept-service role=\"button\" style=\"display: none\">Erforderlichen Service akzeptieren und Inhalte entsperren<\/a> <\/div> <a class=\"brlbs-cmpnt-cb-provider-toggle\" href=\"#\" data-borlabs-cookie-show-provider-information role=\"button\">Weitere Informationen<\/a> <\/div><\/div>\r\n\t\t<textarea name=\"g-recaptcha-response\" rows=\"3\" cols=\"40\" placeholder=\"reCaptcha Response Here\">\r\n\t\t<\/textarea>\r\n\t<\/div>\r\n<\/noscript>\r\n<\/span>\n\t<\/div> \n\t<div class=\"form-button\">\n\t\t<input class=\"wpcf7-form-control wpcf7-submit has-spinner submit-btn\" type=\"submit\" value=\"Absenden\" \/>\n\t<\/div>\n<\/div><div class=\"wpcf7-response-output\" aria-hidden=\"true\"><\/div>\n<\/form>\n<\/div>\n                <\/div>\r\n                 \r\n    \r\n<\/div>\r\n\r\n\r\n\t\t\t\t<\/div>\n\t\t\t\t<\/div>\n\t\t\t\t<\/div>\n\t\t\t\t<\/div>\n\t\t\t\t<\/div>\n\t\t\t\t\t<\/div>\n\t\t\t\t<\/div>\n\t\t<div class=\"elementor-element elementor-element-77a0e46 e-flex e-con-boxed e-con e-parent\" data-id=\"77a0e46\" data-element_type=\"container\" data-e-type=\"container\" data-settings=\"{&quot;background_background&quot;:&quot;classic&quot;}\">\n\t\t\t\t\t<div class=\"e-con-inner\">\n\t\t<div class=\"elementor-element elementor-element-dc08b63 e-con-full e-flex e-con e-child\" data-id=\"dc08b63\" data-element_type=\"container\" data-e-type=\"container\">\n\t\t<div class=\"elementor-element elementor-element-286f610 e-con-full e-flex e-con e-child\" data-id=\"286f610\" data-element_type=\"container\" data-e-type=\"container\">\n\t\t<div class=\"elementor-element elementor-element-ec50356 e-con-full e-flex e-con e-child\" data-id=\"ec50356\" data-element_type=\"container\" data-e-type=\"container\">\n\t\t\t\t<div class=\"elementor-element elementor-element-b643741 elementor-widget elementor-widget-heading\" data-id=\"b643741\" data-element_type=\"widget\" data-e-type=\"widget\" data-widget_type=\"heading.default\">\n\t\t\t\t<div class=\"elementor-widget-container\">\n\t\t\t\t\t<h2 class=\"elementor-heading-title elementor-size-default\">Standorte<\/h2>\t\t\t\t<\/div>\n\t\t\t\t<\/div>\n\t\t\t\t<div class=\"elementor-element elementor-element-b5731fd elementor-widget elementor-widget-heading\" data-id=\"b5731fd\" data-element_type=\"widget\" data-e-type=\"widget\" data-widget_type=\"heading.default\">\n\t\t\t\t<div class=\"elementor-widget-container\">\n\t\t\t\t\t<p class=\"elementor-heading-title elementor-size-default\">Erfahre mehr \u00fcber unsere Standorte und nutze die Gelegenheit f\u00fcr eine pers\u00f6nliche Beratung!<\/p>\t\t\t\t<\/div>\n\t\t\t\t<\/div>\n\t\t\t\t<\/div>\n\t\t\t\t<\/div>\n\t\t\t\t<\/div>\n\t\t<div class=\"elementor-element elementor-element-bec85ef e-con-full e-flex e-con e-child\" data-id=\"bec85ef\" data-element_type=\"container\" data-e-type=\"container\">\n\t\t<div class=\"elementor-element elementor-element-b478e9a e-con-full e-flex e-con e-child\" data-id=\"b478e9a\" data-element_type=\"container\" data-e-type=\"container\">\n\t\t<div class=\"elementor-element elementor-element-f8de4ff e-con-full e-flex e-con e-child\" data-id=\"f8de4ff\" data-element_type=\"container\" data-e-type=\"container\" data-settings=\"{&quot;background_background&quot;:&quot;classic&quot;}\">\n\t\t\t\t<div class=\"elementor-element elementor-element-6bfe106 elementor-view-default elementor-position-block-start elementor-mobile-position-block-start elementor-widget elementor-widget-icon-box\" data-id=\"6bfe106\" data-element_type=\"widget\" data-e-type=\"widget\" data-widget_type=\"icon-box.default\">\n\t\t\t\t<div class=\"elementor-widget-container\">\n\t\t\t\t\t\t\t<div class=\"elementor-icon-box-wrapper\">\n\n\t\t\t\t\t\t<div class=\"elementor-icon-box-icon\">\n\t\t\t\t<span  class=\"elementor-icon\">\n\t\t\t\t<svg xmlns=\"http:\/\/www.w3.org\/2000\/svg\" width=\"25\" height=\"30\" viewBox=\"0 0 25 30\" fill=\"none\"><path d=\"M24.033 12.644C24.033 21.6012 12.5165 29.2789 12.5165 29.2789C12.5165 29.2789 1 21.6012 1 12.644C1 6.28358 6.15613 1.12744 12.5165 1.12744C18.8769 1.12744 24.033 6.28358 24.033 12.644Z\" stroke=\"#202020\" stroke-linecap=\"round\" stroke-linejoin=\"round\"><\/path><path d=\"M12.5146 16.4828C14.6347 16.4828 16.3534 14.7641 16.3534 12.644C16.3534 10.5239 14.6347 8.80518 12.5146 8.80518C10.3945 8.80518 8.67578 10.5239 8.67578 12.644C8.67578 14.7641 10.3945 16.4828 12.5146 16.4828Z\" stroke=\"#7ABA9E\" stroke-linecap=\"round\" stroke-linejoin=\"round\"><\/path><\/svg>\t\t\t\t<\/span>\n\t\t\t<\/div>\n\t\t\t\n\t\t\t\t\t\t<div class=\"elementor-icon-box-content\">\n\n\t\t\t\t\t\t\t\t\t<h3 class=\"elementor-icon-box-title\">\n\t\t\t\t\t\t<span  >\n\t\t\t\t\t\t\tWien\t\t\t\t\t\t<\/span>\n\t\t\t\t\t<\/h3>\n\t\t\t\t\n\t\t\t\t\t\t\t\t\t<p class=\"elementor-icon-box-description\">\n\t\t\t\t\t\tNeubaugasse 64-66\/3\/7<br>1070 Wien<br>\u00d6sterreich \t\t\t\t\t<\/p>\n\t\t\t\t\n\t\t\t<\/div>\n\t\t\t\n\t\t<\/div>\n\t\t\t\t\t\t<\/div>\n\t\t\t\t<\/div>\n\t\t\t\t<\/div>\n\t\t<div class=\"elementor-element elementor-element-f192c35 e-con-full e-flex e-con e-child\" data-id=\"f192c35\" data-element_type=\"container\" data-e-type=\"container\" data-settings=\"{&quot;background_background&quot;:&quot;classic&quot;}\">\n\t\t\t\t<div class=\"elementor-element elementor-element-20bee78 elementor-view-default elementor-position-block-start elementor-mobile-position-block-start elementor-widget elementor-widget-icon-box\" data-id=\"20bee78\" data-element_type=\"widget\" data-e-type=\"widget\" data-widget_type=\"icon-box.default\">\n\t\t\t\t<div class=\"elementor-widget-container\">\n\t\t\t\t\t\t\t<div class=\"elementor-icon-box-wrapper\">\n\n\t\t\t\t\t\t<div class=\"elementor-icon-box-icon\">\n\t\t\t\t<span  class=\"elementor-icon\">\n\t\t\t\t<svg xmlns=\"http:\/\/www.w3.org\/2000\/svg\" width=\"25\" height=\"30\" viewBox=\"0 0 25 30\" fill=\"none\"><path d=\"M24.033 12.644C24.033 21.6012 12.5165 29.2789 12.5165 29.2789C12.5165 29.2789 1 21.6012 1 12.644C1 6.28358 6.15613 1.12744 12.5165 1.12744C18.8769 1.12744 24.033 6.28358 24.033 12.644Z\" stroke=\"#202020\" stroke-linecap=\"round\" stroke-linejoin=\"round\"><\/path><path d=\"M12.5146 16.4828C14.6347 16.4828 16.3534 14.7641 16.3534 12.644C16.3534 10.5239 14.6347 8.80518 12.5146 8.80518C10.3945 8.80518 8.67578 10.5239 8.67578 12.644C8.67578 14.7641 10.3945 16.4828 12.5146 16.4828Z\" stroke=\"#7ABA9E\" stroke-linecap=\"round\" stroke-linejoin=\"round\"><\/path><\/svg>\t\t\t\t<\/span>\n\t\t\t<\/div>\n\t\t\t\n\t\t\t\t\t\t<div class=\"elementor-icon-box-content\">\n\n\t\t\t\t\t\t\t\t\t<h3 class=\"elementor-icon-box-title\">\n\t\t\t\t\t\t<span  >\n\t\t\t\t\t\t\tMadrid\t\t\t\t\t\t<\/span>\n\t\t\t\t\t<\/h3>\n\t\t\t\t\n\t\t\t\t\t\t\t\t\t<p class=\"elementor-icon-box-description\">\n\t\t\t\t\t\tCalle del Pr\u00edncipe de Vergara 5, 1\u00baD<br>28001 Madrid<br>Spanien \t\t\t\t\t<\/p>\n\t\t\t\t\n\t\t\t<\/div>\n\t\t\t\n\t\t<\/div>\n\t\t\t\t\t\t<\/div>\n\t\t\t\t<\/div>\n\t\t\t\t<\/div>\n\t\t\t\t<\/div>\n\t\t\t\t<\/div>\n\t\t\t\t\t<\/div>\n\t\t\t\t<\/div>\n\t\t\t\t<\/div>\n\t\t","protected":false},"excerpt":{"rendered":"<p>Gemeinsam L\u00f6sungen finden! Kontakt M\u00f6chtest du ein kostenfreies Erstgespr\u00e4ch vereinbaren oder hast spezifische Fragen zu SEO, GEO, SEA oder weiteren Themen im Bereich Digital Marketing? Dann melde dich jederzeit gerne bei uns. Interesse an einem Website Quick Check? Der GEO &amp; SEO Quick Check zeigt auf welche Schw\u00e4chen, Risiken und Potenziale eurer Website \u2014 aus [&hellip;]<\/p>\n","protected":false},"author":2,"featured_media":0,"parent":0,"menu_order":0,"comment_status":"closed","ping_status":"closed","template":"","meta":{"footnotes":""},"class_list":["post-4316","page","type-page","status-publish","hentry"],"_links":{"self":[{"href":"https:\/\/improove.net\/de\/wp-json\/wp\/v2\/pages\/4316","targetHints":{"allow":["GET"]}}],"collection":[{"href":"https:\/\/improove.net\/de\/wp-json\/wp\/v2\/pages"}],"about":[{"href":"https:\/\/improove.net\/de\/wp-json\/wp\/v2\/types\/page"}],"author":[{"embeddable":true,"href":"https:\/\/improove.net\/de\/wp-json\/wp\/v2\/users\/2"}],"replies":[{"embeddable":true,"href":"https:\/\/improove.net\/de\/wp-json\/wp\/v2\/comments?post=4316"}],"version-history":[{"count":72,"href":"https:\/\/improove.net\/de\/wp-json\/wp\/v2\/pages\/4316\/revisions"}],"predecessor-version":[{"id":12489,"href":"https:\/\/improove.net\/de\/wp-json\/wp\/v2\/pages\/4316\/revisions\/12489"}],"wp:attachment":[{"href":"https:\/\/improove.net\/de\/wp-json\/wp\/v2\/media?parent=4316"}],"curies":[{"name":"wp","href":"https:\/\/api.w.org\/{rel}","templated":true}]}}