{"id":12318,"date":"2026-03-24T15:50:40","date_gmt":"2026-03-24T14:50:40","guid":{"rendered":"https:\/\/improove.net\/?page_id=12318"},"modified":"2026-05-05T09:29:52","modified_gmt":"2026-05-05T08:29:52","slug":"blog","status":"publish","type":"page","link":"https:\/\/improove.net\/de\/blog\/","title":{"rendered":"Blog"},"content":{"rendered":"\t\t<div data-elementor-type=\"wp-page\" data-elementor-id=\"12318\" class=\"elementor elementor-12318\" data-elementor-post-type=\"page\">\n\t\t\t\t<div class=\"elementor-element elementor-element-b7180e5 e-flex e-con-boxed e-con e-parent\" data-id=\"b7180e5\" data-element_type=\"container\" data-e-type=\"container\">\n\t\t\t\t\t<div class=\"e-con-inner\">\n\t\t<div class=\"elementor-element elementor-element-fdfb9e6 e-con-full e-flex e-con e-child\" data-id=\"fdfb9e6\" data-element_type=\"container\" data-e-type=\"container\">\n\t\t<div class=\"elementor-element elementor-element-95fefc1 e-con-full e-flex e-con e-child\" data-id=\"95fefc1\" data-element_type=\"container\" data-e-type=\"container\">\n\t\t\t\t<div class=\"elementor-element elementor-element-05ba02d elementor-widget elementor-widget-heading\" data-id=\"05ba02d\" data-element_type=\"widget\" data-e-type=\"widget\" data-widget_type=\"heading.default\">\n\t\t\t\t<div class=\"elementor-widget-container\">\n\t\t\t\t\t<p class=\"elementor-heading-title elementor-size-default\">Built to outperform. Auch beim Wissen.<\/p>\t\t\t\t<\/div>\n\t\t\t\t<\/div>\n\t\t\t\t<div class=\"elementor-element elementor-element-437c807 elementor-widget elementor-widget-heading\" data-id=\"437c807\" data-element_type=\"widget\" data-e-type=\"widget\" data-widget_type=\"heading.default\">\n\t\t\t\t<div class=\"elementor-widget-container\">\n\t\t\t\t\t<h1 class=\"elementor-heading-title elementor-size-default\">Der Improove Blog: Insights, die dich voranbringen<\/h1>\t\t\t\t<\/div>\n\t\t\t\t<\/div>\n\t\t\t\t<div class=\"elementor-element elementor-element-83f7588 elementor-widget elementor-widget-heading\" data-id=\"83f7588\" data-element_type=\"widget\" data-e-type=\"widget\" data-widget_type=\"heading.default\">\n\t\t\t\t<div class=\"elementor-widget-container\">\n\t\t\t\t\t<p class=\"elementor-heading-title elementor-size-default\">SEO-Strategien, die den Test der Zeit bestehen. AI-Trends, bevor sie Mainstream werden. Performance-Taktiken, die deine Konkurrenz noch nicht kennt. Hier bekommst du Marketing-Intelligence mit Vorsprung. Kein Aufgew\u00e4rmtes, sondern Insights, die bewegen.\n<\/p>\t\t\t\t<\/div>\n\t\t\t\t<\/div>\n\t\t\t\t<\/div>\n\t\t<div class=\"elementor-element elementor-element-6b13e5b e-con-full e-flex e-con e-child\" data-id=\"6b13e5b\" data-element_type=\"container\" data-e-type=\"container\">\n\t\t\t\t<div class=\"elementor-element elementor-element-21470c6 elementor-widget elementor-widget-image\" data-id=\"21470c6\" data-element_type=\"widget\" data-e-type=\"widget\" data-widget_type=\"image.default\">\n\t\t\t\t<div class=\"elementor-widget-container\">\n\t\t\t\t\t\t\t\t\t\t\t\t\t\t\t<img fetchpriority=\"high\" decoding=\"async\" width=\"531\" height=\"322\" src=\"https:\/\/improove.net\/wp-content\/uploads\/2024\/12\/google-organic-shopping.png\" class=\"attachment-full size-full wp-image-5267\" alt=\"Google Organic Shopping Mitarbeiter bei der Arbeit\" srcset=\"https:\/\/improove.net\/wp-content\/uploads\/2024\/12\/google-organic-shopping.png 531w, https:\/\/improove.net\/wp-content\/uploads\/2024\/12\/google-organic-shopping-300x182.png 300w\" sizes=\"(max-width: 531px) 100vw, 531px\" \/>\t\t\t\t\t\t\t\t\t\t\t\t\t\t\t<\/div>\n\t\t\t\t<\/div>\n\t\t\t\t<\/div>\n\t\t\t\t<\/div>\n\t\t\t\t\t<\/div>\n\t\t\t\t<\/div>\n\t\t<div class=\"elementor-element elementor-element-f52cea5 e-flex e-con-boxed e-con e-parent\" data-id=\"f52cea5\" data-element_type=\"container\" data-e-type=\"container\">\n\t\t\t\t\t<div class=\"e-con-inner\">\n\t\t\t\t<div class=\"elementor-element elementor-element-45ed562 elementor-grid-1 elementor-grid-tablet-2 elementor-grid-mobile-1 elementor-posts--thumbnail-top elementor-widget elementor-widget-posts\" data-id=\"45ed562\" data-element_type=\"widget\" data-e-type=\"widget\" data-settings=\"{&quot;classic_columns&quot;:&quot;1&quot;,&quot;classic_columns_tablet&quot;:&quot;2&quot;,&quot;classic_columns_mobile&quot;:&quot;1&quot;,&quot;classic_row_gap&quot;:{&quot;unit&quot;:&quot;px&quot;,&quot;size&quot;:35,&quot;sizes&quot;:[]},&quot;classic_row_gap_tablet_extra&quot;:{&quot;unit&quot;:&quot;px&quot;,&quot;size&quot;:&quot;&quot;,&quot;sizes&quot;:[]},&quot;classic_row_gap_tablet&quot;:{&quot;unit&quot;:&quot;px&quot;,&quot;size&quot;:&quot;&quot;,&quot;sizes&quot;:[]},&quot;classic_row_gap_mobile_extra&quot;:{&quot;unit&quot;:&quot;px&quot;,&quot;size&quot;:&quot;&quot;,&quot;sizes&quot;:[]},&quot;classic_row_gap_mobile&quot;:{&quot;unit&quot;:&quot;px&quot;,&quot;size&quot;:&quot;&quot;,&quot;sizes&quot;:[]}}\" data-widget_type=\"posts.classic\">\n\t\t\t\t<div class=\"elementor-widget-container\">\n\t\t\t\t\t\t\t<div class=\"elementor-posts-container elementor-posts elementor-posts--skin-classic elementor-grid\" role=\"list\">\n\t\t\t\t<article class=\"elementor-post elementor-grid-item post-12812 post type-post status-publish format-standard hentry category-unkategorisiert\" role=\"listitem\">\n\t\t\t\t<div class=\"elementor-post__text\">\n\t\t\t\t<h3 class=\"elementor-post__title\">\n\t\t\t<a href=\"https:\/\/improove.net\/de\/blog-massnahmen-wenn-ki-dich-ignoriert\/\">\n\t\t\t\tWenn KI dich ignoriert\t\t\t<\/a>\n\t\t<\/h3>\n\t\t\t\t<div class=\"elementor-post__meta-data\">\n\t\t\t\t\t<span class=\"elementor-post-date\">\n\t\t\tMai 6, 2026\t\t<\/span>\n\t\t\t\t<\/div>\n\t\t\t\t<div class=\"elementor-post__excerpt\">\n\t\t\t<p>Thema: GEO Wenn KI euch ignoriert: Die 7 Gr\u00fcnde und der schnelle Turnaround Autor: R\u00fcdiger Dalchow, Head of Organic Strategy Auf der Future of Marketing von LSZ haben wir diese Keynote zum ersten Mal live gehalten. Die Reaktionen im Saal haben eines deutlich gemacht: Die meisten Unternehmen ahnen, dass sich das Suchverhalten gerade fundamental ver\u00e4ndert. Aber sie wissen nicht, warum ihre Marke in KI-Antworten einfach nicht auftaucht. KI-Systeme wie ChatGPT, Perplexity oder Google AI Overviews sind heute ein Entscheidungs-Layer. Wer dort nicht vorkommt, verliert potenzielle Kund:innen, bevor diese \u00fcberhaupt geklickt haben. In<\/p>\n\t\t<\/div>\n\t\t\n\t\t<a class=\"elementor-post__read-more\" href=\"https:\/\/improove.net\/de\/blog-massnahmen-wenn-ki-dich-ignoriert\/\" aria-label=\"Mehr \u00fcber Wenn KI dich ignoriert\" tabindex=\"-1\">\n\t\t\tWeiterlesen \u00bb\t\t<\/a>\n\n\t\t\t\t<\/div>\n\t\t\t\t<\/article>\n\t\t\t\t<article class=\"elementor-post elementor-grid-item post-12783 post type-post status-publish format-standard hentry category-unkategorisiert\" role=\"listitem\">\n\t\t\t\t<div class=\"elementor-post__text\">\n\t\t\t\t<h3 class=\"elementor-post__title\">\n\t\t\t<a href=\"https:\/\/improove.net\/de\/blog-der-wahre-wert-von-seo-marktforschung\/\">\n\t\t\t\tDer wahre Wert von SEO\t\t\t<\/a>\n\t\t<\/h3>\n\t\t\t\t<div class=\"elementor-post__meta-data\">\n\t\t\t\t\t<span class=\"elementor-post-date\">\n\t\t\tMai 4, 2026\t\t<\/span>\n\t\t\t\t<\/div>\n\t\t\t\t<div class=\"elementor-post__excerpt\">\n\t\t\t<p>Thema: SEO-Strategie \/ Market Intelligence Der wahre Wert von SEO: Marktforschung in Echtzeit Autorin: Diana Skof, Head of Marketing Wer SEO auf Keywords, Rankings und monatliche Traffic-Berichte reduziert, l\u00e4sst den gr\u00f6\u00dften strategischen Hebel der Disziplin ungenutzt. SEO-Daten zeigen nicht nur, wie gut eine Website performt. Sie zeigen, was ein Markt tats\u00e4chlich will. Beim diesj\u00e4hrigen Future of Marketing Kongress der LSZ haben wir zu diesem Thema einen Workshop gehalten und dabei eine Frage gestellt, die viele ins Gr\u00fcbeln gebracht hat: Wann hat eure SEO-Ansprechpartner:in das letzte Mal etwas geliefert, das in einer strategischen<\/p>\n\t\t<\/div>\n\t\t\n\t\t<a class=\"elementor-post__read-more\" href=\"https:\/\/improove.net\/de\/blog-der-wahre-wert-von-seo-marktforschung\/\" aria-label=\"Mehr \u00fcber Der wahre Wert von SEO\" tabindex=\"-1\">\n\t\t\tWeiterlesen \u00bb\t\t<\/a>\n\n\t\t\t\t<\/div>\n\t\t\t\t<\/article>\n\t\t\t\t<article class=\"elementor-post elementor-grid-item post-12636 post type-post status-publish format-standard hentry category-unkategorisiert\" role=\"listitem\">\n\t\t\t\t<div class=\"elementor-post__text\">\n\t\t\t\t<h3 class=\"elementor-post__title\">\n\t\t\t<a href=\"https:\/\/improove.net\/de\/blog-answer-first-content\/\">\n\t\t\t\tAnswer-First Content\t\t\t<\/a>\n\t\t<\/h3>\n\t\t\t\t<div class=\"elementor-post__meta-data\">\n\t\t\t\t\t<span class=\"elementor-post-date\">\n\t\t\tApril 23, 2026\t\t<\/span>\n\t\t\t\t<\/div>\n\t\t\t\t<div class=\"elementor-post__excerpt\">\n\t\t\t<p>Thema: GEO Answer-First-Content: 6 redaktionelle Ma\u00dfnahmen f\u00fcr mehr Citations in LLMs Autor: David Wilkins, SEO Coordinator Der Wendepunkt ist \u00fcberschritten: AI Overviews sind in immer mehr Suchergebnissen pr\u00e4sent. ChatGPT, Perplexity und Claude beantworten t\u00e4glich hunderte Millionen Anfragen und schicken keinen Traffic mehr auf Websites weiter, sondern beantworten die Frage direkt auf der Plattform.\u00a0 Das f\u00fchlt sich f\u00fcr manche vielleicht beunruhigend an. Aber keine Panik: Traditionelle Suche verschwindet nicht, sie findet gerade nur ihren Platz in einer neuen \u00c4ra. \u201cWe don\u2019t view AI as replacing search \u2026 We view it as augmenting, as<\/p>\n\t\t<\/div>\n\t\t\n\t\t<a class=\"elementor-post__read-more\" href=\"https:\/\/improove.net\/de\/blog-answer-first-content\/\" aria-label=\"Mehr \u00fcber Answer-First Content\" tabindex=\"-1\">\n\t\t\tWeiterlesen \u00bb\t\t<\/a>\n\n\t\t\t\t<\/div>\n\t\t\t\t<\/article>\n\t\t\t\t<article class=\"elementor-post elementor-grid-item post-12453 post type-post status-publish format-standard hentry category-unkategorisiert\" role=\"listitem\">\n\t\t\t\t<div class=\"elementor-post__text\">\n\t\t\t\t<h3 class=\"elementor-post__title\">\n\t\t\t<a href=\"https:\/\/improove.net\/de\/blog-local-seo-in-llms\/\">\n\t\t\t\tLocal SEO in der LLM-\u00c4ra\t\t\t<\/a>\n\t\t<\/h3>\n\t\t\t\t<div class=\"elementor-post__meta-data\">\n\t\t\t\t\t<span class=\"elementor-post-date\">\n\t\t\tApril 7, 2026\t\t<\/span>\n\t\t\t\t<\/div>\n\t\t\t\t<div class=\"elementor-post__excerpt\">\n\t\t\t<p>Thema: Local SEO \/ GEO Local SEO in der LLM-\u00c4ra: Was sich wirklich ver\u00e4ndert hat, und was die meisten noch nicht umgesetzt haben Autorin: Diana Skof, Head of Marketing Local SEO war lange eine \u00fcberschaubare Disziplin. Google Business Profil pflegen, NAP-Konsistenz sicherstellen, Reviews sammeln, ein paar lokale Keywords auf der Website platzieren. Wer das sauber gemacht hat, war im Local Pack. Fertig. Diese Logik funktioniert nicht mehr vollst\u00e4ndig. Nicht weil die Grundprinzipien falsch waren, sondern weil sich der Ort, an dem lokale Sichtbarkeit entsteht und gemessen wird, verschoben hat. Wir haben das<\/p>\n\t\t<\/div>\n\t\t\n\t\t<a class=\"elementor-post__read-more\" href=\"https:\/\/improove.net\/de\/blog-local-seo-in-llms\/\" aria-label=\"Mehr \u00fcber Local SEO in der LLM-\u00c4ra\" tabindex=\"-1\">\n\t\t\tWeiterlesen \u00bb\t\t<\/a>\n\n\t\t\t\t<\/div>\n\t\t\t\t<\/article>\n\t\t\t\t<article class=\"elementor-post elementor-grid-item post-12332 post type-post status-publish format-standard hentry category-unkategorisiert\" role=\"listitem\">\n\t\t\t\t<div class=\"elementor-post__text\">\n\t\t\t\t<h3 class=\"elementor-post__title\">\n\t\t\t<a href=\"https:\/\/improove.net\/de\/blog-beyond-rankings-webinar\/\">\n\t\t\t\tBeyond Rankings: Wie AI Overviews &#038; LLMs Sichtbarkeit neu definieren\t\t\t<\/a>\n\t\t<\/h3>\n\t\t\t\t<div class=\"elementor-post__meta-data\">\n\t\t\t\t\t<span class=\"elementor-post-date\">\n\t\t\tM\u00e4rz 24, 2026\t\t<\/span>\n\t\t\t\t<\/div>\n\t\t\t\t<div class=\"elementor-post__excerpt\">\n\t\t\t<p>Webinar: FUTURE OF MARKETING CAF\u00c9\u200b Beyond Rankings: Wie AI Overviews &amp; LLMs Sichtbarkeit neu definieren Autor &amp; Speaker: R\u00fcdiger Dalchow, Head of Organic Strategy\u200b Sichtbarkeit im digitalen Marketing wird gerade neu verteilt. Google rankt weiterhin Seiten, aber AI Overviews und LLMs beantworten immer mehr Fragen direkt, ohne dass zwingend ein Klick auf eure Website passiert. F\u00fcr Unternehmen hei\u00dft das: Gute Rankings allein reichen k\u00fcnftig nicht mehr. Entscheidend wird, ob eure Marke in Antworten vorkommt, ob eure Inhalte als Quelle taugen und ob externe Signale eure Relevanz best\u00e4tigen. Genau dar\u00fcber haben wir im<\/p>\n\t\t<\/div>\n\t\t\n\t\t<a class=\"elementor-post__read-more\" href=\"https:\/\/improove.net\/de\/blog-beyond-rankings-webinar\/\" aria-label=\"Mehr \u00fcber Beyond Rankings: Wie AI Overviews &#038; LLMs Sichtbarkeit neu definieren\" tabindex=\"-1\">\n\t\t\tWeiterlesen \u00bb\t\t<\/a>\n\n\t\t\t\t<\/div>\n\t\t\t\t<\/article>\n\t\t\t\t<\/div>\n\t\t\n\t\t\t\t\t\t<\/div>\n\t\t\t\t<\/div>\n\t\t\t\t\t<\/div>\n\t\t\t\t<\/div>\n\t\t\t\t<\/div>\n\t\t","protected":false},"excerpt":{"rendered":"<p>Built to outperform. Auch beim Wissen. Der Improove Blog: Insights, die dich voranbringen SEO-Strategien, die den Test der Zeit bestehen. AI-Trends, bevor sie Mainstream werden. Performance-Taktiken, die deine Konkurrenz noch nicht kennt. Hier bekommst du Marketing-Intelligence mit Vorsprung. Kein Aufgew\u00e4rmtes, sondern Insights, die bewegen.<\/p>\n","protected":false},"author":12,"featured_media":0,"parent":0,"menu_order":0,"comment_status":"closed","ping_status":"closed","template":"","meta":{"footnotes":""},"class_list":["post-12318","page","type-page","status-publish","hentry"],"_links":{"self":[{"href":"https:\/\/improove.net\/de\/wp-json\/wp\/v2\/pages\/12318","targetHints":{"allow":["GET"]}}],"collection":[{"href":"https:\/\/improove.net\/de\/wp-json\/wp\/v2\/pages"}],"about":[{"href":"https:\/\/improove.net\/de\/wp-json\/wp\/v2\/types\/page"}],"author":[{"embeddable":true,"href":"https:\/\/improove.net\/de\/wp-json\/wp\/v2\/users\/12"}],"replies":[{"embeddable":true,"href":"https:\/\/improove.net\/de\/wp-json\/wp\/v2\/comments?post=12318"}],"version-history":[{"count":16,"href":"https:\/\/improove.net\/de\/wp-json\/wp\/v2\/pages\/12318\/revisions"}],"predecessor-version":[{"id":12810,"href":"https:\/\/improove.net\/de\/wp-json\/wp\/v2\/pages\/12318\/revisions\/12810"}],"wp:attachment":[{"href":"https:\/\/improove.net\/de\/wp-json\/wp\/v2\/media?parent=12318"}],"curies":[{"name":"wp","href":"https:\/\/api.w.org\/{rel}","templated":true}]}}